{"id":2,"date":"2024-09-30T12:54:06","date_gmt":"2024-09-30T12:54:06","guid":{"rendered":"http:\/\/gardiscan.germie.eu\/?page_id=2"},"modified":"2025-07-03T10:14:35","modified_gmt":"2025-07-03T08:14:35","slug":"aide","status":"publish","type":"page","link":"https:\/\/gardiscan.germie.eu\/?page_id=2","title":{"rendered":"Aide"},"content":{"rendered":"\n<p>Vous rencontrez un probl\u00e8me pour installer votre application ou pour utiliser votre Gardiscan? Vous \u00eates au bon endroit !<\/p>\n\n\n\n<blockquote class=\"wp-block-quote is-layout-flow wp-block-quote-is-layout-flow\">\n<p>Probl\u00e8me li\u00e9 \u00e0 l&#8217;installation de l&#8217;application : <\/p>\n<\/blockquote>\n\n\n\n<p><strong>1\u00e8re \u00e9tape :<\/strong> Remplir le formulaire sur la page d&#8217;accueil pour recevoir l&#8217;application par SMS et les instructions par Email.<\/p>\n\n\n\n<p><strong>2\u00e8me \u00e9tape :<\/strong> Si vous ne l&#8217;avez pas encore fait, veuillez autoriser l&#8217;installation des applications inconnues sur votre smartphone android.<br>Si vous ne savez pas comment faire, veuillez utiliser le formulaire ci-dessous et cliquez sur Rechercher. Cliquez sur le premier lien des r\u00e9sultats qui vont s&#8217;ouvrir dans un autre onglet et suivez les indications :<\/p>\n\n\n\n<form action=\"https:\/\/www.google.com\/search\" method=\"get\" target=\"_blank\">\n    <label for=\"brand\">Marque de votre t\u00e9l\u00e9phone :<\/label>\n    <select id=\"brand\" name=\"brand\" required>\n        <option value=\"\">S\u00e9lectionnez une marque<\/option>\n        <option value=\"Xiaomi\">Xiaomi<\/option>\n        <option value=\"Samsung\">Samsung<\/option>\n        <option value=\"Apple\">Apple<\/option>\n        <option value=\"Huawei\">Huawei<\/option>\n        <option value=\"OnePlus\">OnePlus<\/option>\n        <option value=\"Sony\">Sony<\/option>\n        <option value=\"Nokia\">Nokia<\/option>\n        <option value=\"Oppo\">Oppo<\/option>\n        <option value=\"Vivo\">Vivo<\/option>\n        <option value=\"Realme\">Realme<\/option>\n        <option value=\"Motorola\">Motorola<\/option>\n        <option value=\"LG\">LG<\/option>\n        <option value=\"Google\">Google<\/option>\n        <option value=\"Asus\">Asus<\/option>\n        <option value=\"Lenovo\">Lenovo<\/option>\n        <option value=\"ZTE\">ZTE<\/option>\n    <\/select>\n<br>\n    <label for=\"model\">Mod\u00e8le du t\u00e9l\u00e9phone :<\/label>\n    <input type=\"text\" id=\"model\" name=\"model\" placeholder=\"Entrez le mod\u00e8le\" required>\n<br>\n    <input type=\"hidden\" name=\"q\" id=\"query\">\n    <button type=\"submit\" onclick=\"updateQuery()\">Rechercher<\/button>\n\n    <script>\n        function updateQuery() {\n            const brand = document.getElementById('brand').value;\n            const model = document.getElementById('model').value;\n\n            if (brand && model) {\n                const queryString = `site:https:\/\/www.hardreset.info Comment installer des applications \u00e0 partir de sources inconnues dans ${brand} ${model}`;\n                document.getElementById('query').value = queryString;\n            }\n        }\n    <\/script>\n<\/form>\n\n\n\n<p>Voici un exemple pour authoriser l&#8217;installation d&#8217;une application inconnue si elle est t\u00e9l\u00e9charg\u00e9e dans Google Chrome sur un t\u00e9l\u00e9phone Xiaomi 9t pro :<\/p>\n\n\n\n<p>A\/ Aller dans <strong>Param\u00e8tres<\/strong><\/p>\n\n\n\n<figure class=\"wp-block-image size-large is-resized\"><img loading=\"lazy\" decoding=\"async\" width=\"473\" height=\"1024\" src=\"https:\/\/gardiscan.germie.eu\/wp-content\/uploads\/2024\/10\/9afb3335-12ec-4473-8e60-4e2034d0b545-473x1024.jpg\" alt=\"\" class=\"wp-image-93\" style=\"width:250px\" srcset=\"https:\/\/gardiscan.germie.eu\/wp-content\/uploads\/2024\/10\/9afb3335-12ec-4473-8e60-4e2034d0b545-473x1024.jpg 473w, https:\/\/gardiscan.germie.eu\/wp-content\/uploads\/2024\/10\/9afb3335-12ec-4473-8e60-4e2034d0b545-138x300.jpg 138w, https:\/\/gardiscan.germie.eu\/wp-content\/uploads\/2024\/10\/9afb3335-12ec-4473-8e60-4e2034d0b545-768x1664.jpg 768w, https:\/\/gardiscan.germie.eu\/wp-content\/uploads\/2024\/10\/9afb3335-12ec-4473-8e60-4e2034d0b545-709x1536.jpg 709w, https:\/\/gardiscan.germie.eu\/wp-content\/uploads\/2024\/10\/9afb3335-12ec-4473-8e60-4e2034d0b545.jpg 945w\" sizes=\"auto, (max-width: 473px) 100vw, 473px\" \/><\/figure>\n\n\n\n<p>B\/ Dans la case <strong>Rechercher dans les param\u00e8tres<\/strong> rechercher <strong>inconnues<\/strong><\/p>\n\n\n\n<figure class=\"wp-block-image size-large is-resized\"><img loading=\"lazy\" decoding=\"async\" width=\"473\" height=\"1024\" src=\"https:\/\/gardiscan.germie.eu\/wp-content\/uploads\/2024\/10\/b-473x1024.jpg\" alt=\"\" class=\"wp-image-99\" style=\"width:250px\" srcset=\"https:\/\/gardiscan.germie.eu\/wp-content\/uploads\/2024\/10\/b-473x1024.jpg 473w, https:\/\/gardiscan.germie.eu\/wp-content\/uploads\/2024\/10\/b-138x300.jpg 138w, https:\/\/gardiscan.germie.eu\/wp-content\/uploads\/2024\/10\/b-768x1664.jpg 768w, https:\/\/gardiscan.germie.eu\/wp-content\/uploads\/2024\/10\/b-709x1536.jpg 709w, https:\/\/gardiscan.germie.eu\/wp-content\/uploads\/2024\/10\/b.jpg 945w\" sizes=\"auto, (max-width: 473px) 100vw, 473px\" \/><\/figure>\n\n\n\n<figure class=\"wp-block-image size-large is-resized\"><img loading=\"lazy\" decoding=\"async\" width=\"473\" height=\"1024\" src=\"https:\/\/gardiscan.germie.eu\/wp-content\/uploads\/2024\/10\/c-473x1024.jpg\" alt=\"\" class=\"wp-image-98\" style=\"width:250px\" srcset=\"https:\/\/gardiscan.germie.eu\/wp-content\/uploads\/2024\/10\/c-473x1024.jpg 473w, https:\/\/gardiscan.germie.eu\/wp-content\/uploads\/2024\/10\/c-138x300.jpg 138w, https:\/\/gardiscan.germie.eu\/wp-content\/uploads\/2024\/10\/c-768x1664.jpg 768w, https:\/\/gardiscan.germie.eu\/wp-content\/uploads\/2024\/10\/c-709x1536.jpg 709w, https:\/\/gardiscan.germie.eu\/wp-content\/uploads\/2024\/10\/c.jpg 945w\" sizes=\"auto, (max-width: 473px) 100vw, 473px\" \/><\/figure>\n\n\n\n<p>D\/ Appuyer sur <strong>Installer des applications inconnnues<\/strong><\/p>\n\n\n\n<figure class=\"wp-block-image size-large is-resized\"><img loading=\"lazy\" decoding=\"async\" width=\"473\" height=\"1024\" src=\"https:\/\/gardiscan.germie.eu\/wp-content\/uploads\/2024\/10\/d-473x1024.jpg\" alt=\"\" class=\"wp-image-97\" style=\"width:250px\" srcset=\"https:\/\/gardiscan.germie.eu\/wp-content\/uploads\/2024\/10\/d-473x1024.jpg 473w, https:\/\/gardiscan.germie.eu\/wp-content\/uploads\/2024\/10\/d-138x300.jpg 138w, https:\/\/gardiscan.germie.eu\/wp-content\/uploads\/2024\/10\/d-768x1664.jpg 768w, https:\/\/gardiscan.germie.eu\/wp-content\/uploads\/2024\/10\/d-709x1536.jpg 709w, https:\/\/gardiscan.germie.eu\/wp-content\/uploads\/2024\/10\/d.jpg 945w\" sizes=\"auto, (max-width: 473px) 100vw, 473px\" \/><\/figure>\n\n\n\n<p>E\/ S\u00e9lectionner l&#8217;application que vous avez utilis\u00e9e pour t\u00e9l\u00e9charger l&#8217;application Gardiscan. Dans notre exemple, il s&#8217;agit de <strong>Chrome<\/strong><\/p>\n\n\n\n<figure class=\"wp-block-image size-large is-resized\"><img loading=\"lazy\" decoding=\"async\" width=\"473\" height=\"1024\" src=\"https:\/\/gardiscan.germie.eu\/wp-content\/uploads\/2024\/10\/e-473x1024.jpg\" alt=\"\" class=\"wp-image-96\" style=\"width:250px\" srcset=\"https:\/\/gardiscan.germie.eu\/wp-content\/uploads\/2024\/10\/e-473x1024.jpg 473w, https:\/\/gardiscan.germie.eu\/wp-content\/uploads\/2024\/10\/e-138x300.jpg 138w, https:\/\/gardiscan.germie.eu\/wp-content\/uploads\/2024\/10\/e-768x1664.jpg 768w, https:\/\/gardiscan.germie.eu\/wp-content\/uploads\/2024\/10\/e-709x1536.jpg 709w, https:\/\/gardiscan.germie.eu\/wp-content\/uploads\/2024\/10\/e.jpg 945w\" sizes=\"auto, (max-width: 473px) 100vw, 473px\" \/><\/figure>\n\n\n\n<p>F\/ Appuyez \u00e0 droite sur le <strong>point blanc dans l&#8217;icone gris<\/strong> pour autoriser l&#8217;installation de l&#8217;application<\/p>\n\n\n\n<figure class=\"wp-block-image size-large is-resized\"><img loading=\"lazy\" decoding=\"async\" width=\"473\" height=\"1024\" src=\"https:\/\/gardiscan.germie.eu\/wp-content\/uploads\/2024\/10\/f-473x1024.jpg\" alt=\"\" class=\"wp-image-95\" style=\"width:250px\" srcset=\"https:\/\/gardiscan.germie.eu\/wp-content\/uploads\/2024\/10\/f-473x1024.jpg 473w, https:\/\/gardiscan.germie.eu\/wp-content\/uploads\/2024\/10\/f-138x300.jpg 138w, https:\/\/gardiscan.germie.eu\/wp-content\/uploads\/2024\/10\/f-768x1664.jpg 768w, https:\/\/gardiscan.germie.eu\/wp-content\/uploads\/2024\/10\/f-709x1536.jpg 709w, https:\/\/gardiscan.germie.eu\/wp-content\/uploads\/2024\/10\/f.jpg 945w\" sizes=\"auto, (max-width: 473px) 100vw, 473px\" \/><\/figure>\n\n\n\n<p>G\/ Un message <strong>Danger <\/strong>va apparaitre et vous devrez attendre quelques secondes pour appuyer sur <strong>OK<\/strong><\/p>\n\n\n\n<figure class=\"wp-block-image size-large is-resized\"><img loading=\"lazy\" decoding=\"async\" width=\"473\" height=\"1024\" src=\"https:\/\/gardiscan.germie.eu\/wp-content\/uploads\/2024\/10\/g-473x1024.jpg\" alt=\"\" class=\"wp-image-94\" style=\"width:250px\" srcset=\"https:\/\/gardiscan.germie.eu\/wp-content\/uploads\/2024\/10\/g-473x1024.jpg 473w, https:\/\/gardiscan.germie.eu\/wp-content\/uploads\/2024\/10\/g-138x300.jpg 138w, https:\/\/gardiscan.germie.eu\/wp-content\/uploads\/2024\/10\/g-768x1664.jpg 768w, https:\/\/gardiscan.germie.eu\/wp-content\/uploads\/2024\/10\/g-709x1536.jpg 709w, https:\/\/gardiscan.germie.eu\/wp-content\/uploads\/2024\/10\/g.jpg 945w\" sizes=\"auto, (max-width: 473px) 100vw, 473px\" \/><\/figure>\n\n\n\n<p>Vous pouvez d\u00e9sormais installer des applications de types inconnues<\/p>\n\n\n\n<p><strong>3 \u00e8me \u00e9tape :<\/strong> Installation de l&#8217;application en suivant les instructions ci-dessous :<\/p>\n\n\n\n<p>Appuyer sur le lien que vous avez re\u00e7u pas SMS<\/p>\n\n\n\n<figure class=\"wp-block-image size-large is-resized\"><img loading=\"lazy\" decoding=\"async\" width=\"473\" height=\"1024\" src=\"https:\/\/gardiscan.germie.eu\/wp-content\/uploads\/2024\/10\/AA-473x1024.jpg\" alt=\"\" class=\"wp-image-102\" style=\"width:250px\" srcset=\"https:\/\/gardiscan.germie.eu\/wp-content\/uploads\/2024\/10\/AA-473x1024.jpg 473w, https:\/\/gardiscan.germie.eu\/wp-content\/uploads\/2024\/10\/AA-138x300.jpg 138w, https:\/\/gardiscan.germie.eu\/wp-content\/uploads\/2024\/10\/AA-768x1664.jpg 768w, https:\/\/gardiscan.germie.eu\/wp-content\/uploads\/2024\/10\/AA-709x1536.jpg 709w, https:\/\/gardiscan.germie.eu\/wp-content\/uploads\/2024\/10\/AA.jpg 945w\" sizes=\"auto, (max-width: 473px) 100vw, 473px\" \/><\/figure>\n\n\n\n<p>Choisir <strong>Chrome <\/strong>si c&#8217;est le logiciel qui a les autorisations pour installer des applications de type inconnues<\/p>\n\n\n\n<figure class=\"wp-block-image size-large is-resized\"><img loading=\"lazy\" decoding=\"async\" width=\"473\" height=\"1024\" src=\"https:\/\/gardiscan.germie.eu\/wp-content\/uploads\/2024\/10\/BB-473x1024.jpg\" alt=\"\" class=\"wp-image-103\" style=\"width:250px\" srcset=\"https:\/\/gardiscan.germie.eu\/wp-content\/uploads\/2024\/10\/BB-473x1024.jpg 473w, https:\/\/gardiscan.germie.eu\/wp-content\/uploads\/2024\/10\/BB-138x300.jpg 138w, https:\/\/gardiscan.germie.eu\/wp-content\/uploads\/2024\/10\/BB-768x1664.jpg 768w, https:\/\/gardiscan.germie.eu\/wp-content\/uploads\/2024\/10\/BB-709x1536.jpg 709w, https:\/\/gardiscan.germie.eu\/wp-content\/uploads\/2024\/10\/BB.jpg 945w\" sizes=\"auto, (max-width: 473px) 100vw, 473px\" \/><\/figure>\n\n\n\n<p>Le fichier que vous allez t\u00e9l\u00e9charger a \u00e9t\u00e9 d\u00e9velopp\u00e9 pour votre Gardiscan et n&#8217;est pas disponible dans le Play Store pour des raisons de confidentialit\u00e9. Il n&#8217;est pas dangereux et il faut choisir : <strong>T\u00e9l\u00e9charger quand m\u00eame<\/strong>.<\/p>\n\n\n\n<figure class=\"wp-block-image size-large is-resized\"><img loading=\"lazy\" decoding=\"async\" width=\"473\" height=\"1024\" src=\"https:\/\/gardiscan.germie.eu\/wp-content\/uploads\/2024\/10\/CC-473x1024.jpg\" alt=\"\" class=\"wp-image-104\" style=\"width:250px\" srcset=\"https:\/\/gardiscan.germie.eu\/wp-content\/uploads\/2024\/10\/CC-473x1024.jpg 473w, https:\/\/gardiscan.germie.eu\/wp-content\/uploads\/2024\/10\/CC-138x300.jpg 138w, https:\/\/gardiscan.germie.eu\/wp-content\/uploads\/2024\/10\/CC-768x1664.jpg 768w, https:\/\/gardiscan.germie.eu\/wp-content\/uploads\/2024\/10\/CC-709x1536.jpg 709w, https:\/\/gardiscan.germie.eu\/wp-content\/uploads\/2024\/10\/CC.jpg 945w\" sizes=\"auto, (max-width: 473px) 100vw, 473px\" \/><\/figure>\n\n\n\n<p>Appuyer sur <strong>Ouvrir<\/strong><\/p>\n\n\n\n<figure class=\"wp-block-image size-large is-resized\"><img loading=\"lazy\" decoding=\"async\" width=\"473\" height=\"1024\" src=\"https:\/\/gardiscan.germie.eu\/wp-content\/uploads\/2024\/10\/DD-473x1024.jpg\" alt=\"\" class=\"wp-image-105\" style=\"width:250px\" srcset=\"https:\/\/gardiscan.germie.eu\/wp-content\/uploads\/2024\/10\/DD-473x1024.jpg 473w, https:\/\/gardiscan.germie.eu\/wp-content\/uploads\/2024\/10\/DD-138x300.jpg 138w, https:\/\/gardiscan.germie.eu\/wp-content\/uploads\/2024\/10\/DD-768x1664.jpg 768w, https:\/\/gardiscan.germie.eu\/wp-content\/uploads\/2024\/10\/DD-709x1536.jpg 709w, https:\/\/gardiscan.germie.eu\/wp-content\/uploads\/2024\/10\/DD.jpg 945w\" sizes=\"auto, (max-width: 473px) 100vw, 473px\" \/><\/figure>\n\n\n\n<p>Appuyer sur <strong>INSTALLER<\/strong><\/p>\n\n\n\n<figure class=\"wp-block-image size-large is-resized\"><img loading=\"lazy\" decoding=\"async\" width=\"473\" height=\"1024\" src=\"https:\/\/gardiscan.germie.eu\/wp-content\/uploads\/2024\/10\/EE-473x1024.jpg\" alt=\"\" class=\"wp-image-106\" style=\"width:250px\" srcset=\"https:\/\/gardiscan.germie.eu\/wp-content\/uploads\/2024\/10\/EE-473x1024.jpg 473w, https:\/\/gardiscan.germie.eu\/wp-content\/uploads\/2024\/10\/EE-138x300.jpg 138w, https:\/\/gardiscan.germie.eu\/wp-content\/uploads\/2024\/10\/EE-768x1664.jpg 768w, https:\/\/gardiscan.germie.eu\/wp-content\/uploads\/2024\/10\/EE-709x1536.jpg 709w, https:\/\/gardiscan.germie.eu\/wp-content\/uploads\/2024\/10\/EE.jpg 945w\" sizes=\"auto, (max-width: 473px) 100vw, 473px\" \/><\/figure>\n\n\n\n<p><strong><mark style=\"background-color:rgba(0, 0, 0, 0);color:#ff0000\" class=\"has-inline-color\">ATTENTION ERREUR COURANTE<\/mark><\/strong><br>Appuyer sur <strong>Plus de d\u00e9tails<\/strong> <mark style=\"background-color:rgba(0, 0, 0, 0);color:#ff0000\" class=\"has-inline-color\"><strong>PAS SUR OK<\/strong><\/mark><\/p>\n\n\n\n<figure class=\"wp-block-image size-large is-resized\"><img loading=\"lazy\" decoding=\"async\" width=\"473\" height=\"1024\" src=\"https:\/\/gardiscan.germie.eu\/wp-content\/uploads\/2024\/10\/FF-473x1024.jpg\" alt=\"\" class=\"wp-image-107\" style=\"width:250px\" srcset=\"https:\/\/gardiscan.germie.eu\/wp-content\/uploads\/2024\/10\/FF-473x1024.jpg 473w, https:\/\/gardiscan.germie.eu\/wp-content\/uploads\/2024\/10\/FF-138x300.jpg 138w, https:\/\/gardiscan.germie.eu\/wp-content\/uploads\/2024\/10\/FF-768x1664.jpg 768w, https:\/\/gardiscan.germie.eu\/wp-content\/uploads\/2024\/10\/FF-709x1536.jpg 709w, https:\/\/gardiscan.germie.eu\/wp-content\/uploads\/2024\/10\/FF.jpg 945w\" sizes=\"auto, (max-width: 473px) 100vw, 473px\" \/><\/figure>\n\n\n\n<p>Choisir <strong>Installer quand m\u00eame<\/strong>  <mark style=\"background-color:rgba(0, 0, 0, 0);color:#ff0000\" class=\"has-inline-color\"><strong>PAS SUR OK<\/strong><\/mark><\/p>\n\n\n\n<figure class=\"wp-block-image size-large is-resized\"><img loading=\"lazy\" decoding=\"async\" width=\"473\" height=\"1024\" src=\"https:\/\/gardiscan.germie.eu\/wp-content\/uploads\/2024\/10\/GG-473x1024.jpg\" alt=\"\" class=\"wp-image-108\" style=\"width:250px\" srcset=\"https:\/\/gardiscan.germie.eu\/wp-content\/uploads\/2024\/10\/GG-473x1024.jpg 473w, https:\/\/gardiscan.germie.eu\/wp-content\/uploads\/2024\/10\/GG-138x300.jpg 138w, https:\/\/gardiscan.germie.eu\/wp-content\/uploads\/2024\/10\/GG-768x1664.jpg 768w, https:\/\/gardiscan.germie.eu\/wp-content\/uploads\/2024\/10\/GG-709x1536.jpg 709w, https:\/\/gardiscan.germie.eu\/wp-content\/uploads\/2024\/10\/GG.jpg 945w\" sizes=\"auto, (max-width: 473px) 100vw, 473px\" \/><\/figure>\n\n\n\n<p>Appuyer sur <strong>Ne pas envoyer<\/strong><\/p>\n\n\n\n<figure class=\"wp-block-image size-large is-resized\"><img loading=\"lazy\" decoding=\"async\" width=\"473\" height=\"1024\" src=\"https:\/\/gardiscan.germie.eu\/wp-content\/uploads\/2024\/10\/HH-473x1024.jpg\" alt=\"\" class=\"wp-image-109\" style=\"width:250px\" srcset=\"https:\/\/gardiscan.germie.eu\/wp-content\/uploads\/2024\/10\/HH-473x1024.jpg 473w, https:\/\/gardiscan.germie.eu\/wp-content\/uploads\/2024\/10\/HH-138x300.jpg 138w, https:\/\/gardiscan.germie.eu\/wp-content\/uploads\/2024\/10\/HH-768x1664.jpg 768w, https:\/\/gardiscan.germie.eu\/wp-content\/uploads\/2024\/10\/HH-709x1536.jpg 709w, https:\/\/gardiscan.germie.eu\/wp-content\/uploads\/2024\/10\/HH.jpg 945w\" sizes=\"auto, (max-width: 473px) 100vw, 473px\" \/><\/figure>\n\n\n\n<figure class=\"wp-block-image size-large is-resized\"><img loading=\"lazy\" decoding=\"async\" width=\"473\" height=\"1024\" src=\"https:\/\/gardiscan.germie.eu\/wp-content\/uploads\/2024\/10\/II-473x1024.jpg\" alt=\"\" class=\"wp-image-110\" style=\"width:250px\" srcset=\"https:\/\/gardiscan.germie.eu\/wp-content\/uploads\/2024\/10\/II-473x1024.jpg 473w, https:\/\/gardiscan.germie.eu\/wp-content\/uploads\/2024\/10\/II-138x300.jpg 138w, https:\/\/gardiscan.germie.eu\/wp-content\/uploads\/2024\/10\/II-768x1664.jpg 768w, https:\/\/gardiscan.germie.eu\/wp-content\/uploads\/2024\/10\/II-709x1536.jpg 709w, https:\/\/gardiscan.germie.eu\/wp-content\/uploads\/2024\/10\/II.jpg 945w\" sizes=\"auto, (max-width: 473px) 100vw, 473px\" \/><\/figure>\n\n\n\n<figure class=\"wp-block-image size-large is-resized\"><img loading=\"lazy\" decoding=\"async\" width=\"473\" height=\"1024\" src=\"https:\/\/gardiscan.germie.eu\/wp-content\/uploads\/2024\/10\/JJ-473x1024.jpg\" alt=\"\" class=\"wp-image-111\" style=\"width:250px\" srcset=\"https:\/\/gardiscan.germie.eu\/wp-content\/uploads\/2024\/10\/JJ-473x1024.jpg 473w, https:\/\/gardiscan.germie.eu\/wp-content\/uploads\/2024\/10\/JJ-138x300.jpg 138w, https:\/\/gardiscan.germie.eu\/wp-content\/uploads\/2024\/10\/JJ-768x1664.jpg 768w, https:\/\/gardiscan.germie.eu\/wp-content\/uploads\/2024\/10\/JJ-709x1536.jpg 709w, https:\/\/gardiscan.germie.eu\/wp-content\/uploads\/2024\/10\/JJ.jpg 945w\" sizes=\"auto, (max-width: 473px) 100vw, 473px\" \/><\/figure>\n\n\n\n<p>L&#8217;application est d\u00e9sormais install\u00e9e.<br>Lors de la premi\u00e8re ouverture, choisissez d&#8217;ouvrir automatiquement cette application lorsque le p\u00e9riph\u00e9rique USB est connect\u00e9.<br>Cette option permettra \u00e0 l&#8217;application Gardiscan de se lancer automatiquement lorsque vous brancherez votre sonde \u00e0 votre smartphone.<\/p>\n\n\n\n<blockquote class=\"wp-block-quote is-layout-flow wp-block-quote-is-layout-flow\">\n<p>Probl\u00e8me de lecture de donn\u00e9es<\/p>\n<\/blockquote>\n\n\n\n<p>Toutes les informations li\u00e9es aux probl\u00e8mes les plus fr\u00e9quemment rencontr\u00e9s sont disponibles dans le PDF suivant :<\/p>\n\n\n\n<p>Cliquez ici pour t\u00e9l\u00e9charger le document :<br><img decoding=\"async\" class=\"wp-image-82\" style=\"width: NaNpx;\" src=\"https:\/\/gardiscan.germie.eu\/wp-content\/uploads\/2024\/10\/Manuel_A4_3volets_FrV3.pdf\" alt=\"\"><a href=\"https:\/\/gardiscan.germie.eu\/wp-content\/uploads\/2024\/10\/Manuel_A4_3volets_FrV3.pdf\" data-type=\"link\" data-id=\"https:\/\/gardiscan.germie.eu\/wp-content\/uploads\/2024\/10\/Manuel_A4_3volets_FrV3.pdf\" target=\"_blank\" rel=\"noreferrer noopener\">Manuel_Fr_Gardiscan.pdf<\/a><\/p>\n\n\n\n<blockquote class=\"wp-block-quote is-layout-flow wp-block-quote-is-layout-flow\">\n<p>Autres Probl\u00e8mes ou questions<\/p>\n<\/blockquote>\n\n\n\n<p>Vous pouvez soit faire une demande par email dans la rubrique Contact, soit nous contacter par t\u00e9l\u00e9phone ou WhatsApp au +33768751000<\/p>\n","protected":false},"excerpt":{"rendered":"<p>Vous rencontrez un probl\u00e8me pour installer votre application ou pour utiliser votre Gardiscan? Vous \u00eates au bon endroit ! Probl\u00e8me li\u00e9 \u00e0 l&#8217;installation de l&#8217;application : 1\u00e8re \u00e9tape : Remplir le formulaire sur la page d&#8217;accueil pour recevoir l&#8217;application par SMS et les instructions par Email. 2\u00e8me \u00e9tape : Si vous ne l&#8217;avez pas encore [&hellip;]<\/p>\n","protected":false},"author":1,"featured_media":40,"parent":0,"menu_order":0,"comment_status":"closed","ping_status":"closed","template":"","meta":{"footnotes":""},"class_list":["post-2","page","type-page","status-publish","has-post-thumbnail","hentry"],"_links":{"self":[{"href":"https:\/\/gardiscan.germie.eu\/index.php?rest_route=\/wp\/v2\/pages\/2","targetHints":{"allow":["GET"]}}],"collection":[{"href":"https:\/\/gardiscan.germie.eu\/index.php?rest_route=\/wp\/v2\/pages"}],"about":[{"href":"https:\/\/gardiscan.germie.eu\/index.php?rest_route=\/wp\/v2\/types\/page"}],"author":[{"embeddable":true,"href":"https:\/\/gardiscan.germie.eu\/index.php?rest_route=\/wp\/v2\/users\/1"}],"replies":[{"embeddable":true,"href":"https:\/\/gardiscan.germie.eu\/index.php?rest_route=%2Fwp%2Fv2%2Fcomments&post=2"}],"version-history":[{"count":15,"href":"https:\/\/gardiscan.germie.eu\/index.php?rest_route=\/wp\/v2\/pages\/2\/revisions"}],"predecessor-version":[{"id":144,"href":"https:\/\/gardiscan.germie.eu\/index.php?rest_route=\/wp\/v2\/pages\/2\/revisions\/144"}],"wp:featuredmedia":[{"embeddable":true,"href":"https:\/\/gardiscan.germie.eu\/index.php?rest_route=\/wp\/v2\/media\/40"}],"wp:attachment":[{"href":"https:\/\/gardiscan.germie.eu\/index.php?rest_route=%2Fwp%2Fv2%2Fmedia&parent=2"}],"curies":[{"name":"wp","href":"https:\/\/api.w.org\/{rel}","templated":true}]}}